{"id":329,"date":"2022-10-22T19:16:34","date_gmt":"2022-10-22T19:16:34","guid":{"rendered":"http:\/\/vretechnieken.be\/wordpress\/?page_id=329"},"modified":"2023-06-29T17:59:31","modified_gmt":"2023-06-29T17:59:31","slug":"desigocc","status":"publish","type":"page","link":"http:\/\/vretechnieken.be\/wordpress\/desigocc\/","title":{"rendered":"Desigo CC"},"content":{"rendered":"<p>[vc_section full_width=&#8221;stretch_row_content&#8221; css=&#8221;.vc_custom_1688061536156{background-color: #ffffff !important;}&#8221;][\/vc_section][vc_section full_width=&#8221;stretch_row_content&#8221; css=&#8221;.vc_custom_1688061561252{padding-top: 110px !important;padding-bottom: 120px !important;background-color: #ffffff !important;}&#8221;][vc_row container_max_width=&#8221;1200&#8243;][vc_column width=&#8221;3\/5&#8243;]<style>\r\n\r\n\t    #obelisk-heading-obelisk69e4ef670163d {text-align: ;}\r\n\r\n<\/style>\r\n\r\n<div id=\"obelisk-header-obelisk69e4ef670163d\" class=\"obelisk-title style-1 \">\r\n\r\n\t\r\n        <h3 class=\"main-title color-font\">DESIGO CC<\/h3>\r\n        <p class=\"wow txt\" data-splitting><\/p>\r\n\t<\/div>\r\n[vc_single_image image=&#8221;337&#8243; img_size=&#8221;full&#8221;][\/vc_column][vc_column width=&#8221;2\/5&#8243;][vc_column_text]<\/p>\n<div class=\"introduction__textBlock textBlock textBlock--withMedia \">\n<h3 class=\"introduction__subheadline introduction__subheadline--\">Het ge\u00efntegreerde platform voor gebouwmanagement<\/h3>\n<p class=\"introduction__text textBlock__description\">Het open gebouwmanagementplatform is ontwikkeld voor comfortabele, veilige en effici\u00ebnte installaties. Desigo CC is inzetbaar van eenvoudige systemen met \u00e9\u00e9n functie tot volledig ge\u00efntegreerde gebouwen. Desigo CC is eenvoudig te installeren en te bedienen en stelt nieuwe maatstaven in de sector.<\/p>\n<\/div>\n<p>[\/vc_column_text]<style>\r\n\r\n\t    #obelisk-button-obelisk69e4ef67016b3 {text-transform: none;}\r\n\t#obelisk-button-obelisk69e4ef67016b3 {text-align: left;}\r\n\r\n<\/style>\r\n\r\n<div id=\"obelisk-button-obelisk69e4ef67016b3\">\r\n<a href=\"mailto:info@vretechnieken.be\" class=\"obelisk-button style-0 \">\r\n    <span class=\"obelisk-button-content-wrapper\">\r\n        <span class=\"obelisk-button-icon obelisk-align-icon-right\">\r\n            <i aria-hidden=\"true\" class=\"\"><\/i>\r\n        <\/span>\r\n\r\n        <span class=\"obelisk-button-text\">\r\n            Contacteer ons        <\/span>\r\n    <\/span>\r\n<\/a>\r\n<\/div>\r\n[\/vc_column][\/vc_row][\/vc_section][vc_section full_width=&#8221;stretch_row_content&#8221; css=&#8221;.vc_custom_1688061568078{padding-top: 110px !important;padding-bottom: 120px !important;background-color: #ffffff !important;}&#8221;][vc_row container_max_width=&#8221;1200&#8243;][vc_column width=&#8221;3\/5&#8243;]<style>\r\n\r\n\t\t\t#obelisk-heading-obelisk69e4ef6701781.obelisk-heading {font-size: 30px;}\r\n\t\t#obelisk-heading-obelisk69e4ef6701781.obelisk-title h2 {font-size: 30px;}\r\n\t\t\t#obelisk-heading-obelisk69e4ef6701781.obelisk-heading {line-height: 1.4em;}\r\n\t\t#obelisk-heading-obelisk69e4ef6701781.obelisk-title h2 {line-height: 1.4em;}\r\n\t\t\t#obelisk-heading-obelisk69e4ef6701781.obelisk-heading {font-weight: 700;}\r\n\t\t#obelisk-heading-obelisk69e4ef6701781.obelisk-title h2 {font-weight: 700;}\r\n\t\t\t#obelisk-heading-obelisk69e4ef6701781.obelisk-heading {background: linear-gradient(to right, #12c2e9, #1e73be, #000000); ?>; -webkit-background-clip: text !important; -webkit-text-fill-color: transparent;}\r\n\t\t#obelisk-heading-obelisk69e4ef6701781.obelisk-title h2 {background: linear-gradient(to right, #12c2e9, #1e73be, #000000); ?>; -webkit-background-clip: text !important; -webkit-text-fill-color: transparent;}\r\n\t\t#obelisk-heading-obelisk69e4ef6701781.obelisk-heading {text-align: left;}\r\n\t#obelisk-heading-obelisk69e4ef6701781.obelisk-title h2 {text-align: left;}\r\n\r\n<\/style>\r\n\r\n<h3 id=\"obelisk-heading-obelisk69e4ef6701781\"  class='obelisk-heading style-1 wow  vc_custom_1667381637517 ' >\r\n    Geavanceerd platform<\/h3>\r\n[\/vc_column][vc_column width=&#8221;2\/5&#8243;][vc_column_text]Desigo CC levert de beste energie- en hulpbronneneffici\u00ebntie met behoud van de hoogste comfortstandaarden in het gebouw. Ontdek hoe eenvoudig en intu\u00eftief gebouwmanagement kan zijn door contact met ons op te nemen.[\/vc_column_text][\/vc_column][\/vc_row][\/vc_section][vc_section full_width=&#8221;stretch_row_content&#8221; content_placement=&#8221;middle&#8221; el_class=&#8221;obelisk-section-mode1&#8243; css=&#8221;.vc_custom_1646603490873{padding-top: 80px !important;padding-bottom: 100px !important;}&#8221;][vc_row css=&#8221;.vc_custom_1666468221229{margin-right: 150px !important;margin-left: 150px !important;}&#8221;][vc_column width=&#8221;1\/4&#8243;][vc_single_image image=&#8221;398&#8243; img_size=&#8221;350&#215;350&#8243; alignment=&#8221;center&#8221;][vc_column_text]<\/p>\n<h4 class=\"contentteaser__header\" style=\"text-align: center;\">Open platform<\/h4>\n<p>&nbsp;<\/p>\n<div class=\"richtext\">\n<div class=\"rte contentteaser__text richtext__content\">\n<p>Desigo CC is gebaseerd op wereldwijde communicatiestandaarden zoals BACnet, OPC, Modbus, IEC 61850, SNMP en ONVIF, waardoor externe applicaties in real-time data kunnen lezen en schrijven via een REST web service interface. Apparaten van derden die gebruik maken van eigen protocollen kunnen ook worden ge\u00efntegreerd via Desigo CC drivers. Dit open platform stelt een wereldwijde gemeenschap van ontwikkelings-, oplossingspartners, onafhankelijke systeemintegratoren, facility managers en OEM&#8217;s in staat om een dynamische en creatieve stapsgewijze ontwikkeling van gebouwmanagement uit te voeren door informatie te verzamelen en idee\u00ebn, producten en diensten uit te wisselen. Het Desigo CC Application and Integration Center biedt cumulatieve ontwikkeling en ondersteuning op maat, wat zorgt voor talloze innovaties en een kortere time-to-market voor nieuwe oplossingen.<\/p>\n<\/div>\n<\/div>\n<p>[\/vc_column_text][\/vc_column][vc_column width=&#8221;1\/4&#8243;][vc_single_image image=&#8221;397&#8243; img_size=&#8221;350&#215;350&#8243; alignment=&#8221;center&#8221;][vc_column_text]<\/p>\n<h4 class=\"contentteaser__header\" style=\"text-align: center;\">Effici\u00ebnt<\/h4>\n<div class=\"richtext\">\n<div class=\"rte contentteaser__text richtext__content\">\n<p>&nbsp;<\/p>\n<p>Innovatieve engineeringsconcepten geven de Desigo CC-systeemengineering eenvoud en snelheid. Dankzij het krachtige en flexibele bibliotheekconcept, de online engineering, tests en simulaties blijven de inbedrijfstellingstijd en stilstand van het systeem tot een minimum beperkt. Door de ondersteuning bij het afhandelen van gebeurtenissen, inclusief een duidelijke begeleiding voor operators \u2013 en omdat alle disciplines gebaseerd zijn op dezelfde workflows \u2013 zijn de opleidingsvereisten minimaal. Toegang op afstand biedt verdere effici\u00ebntieverbeteringen, omdat het gebouwmanagers en technici in staat stelt de instellingen te optimaliseren en de prestaties van het gebouw te bewaken, terwijl het doorsturen van alarmen naar de mobiele app van Desigo CC het mogelijk maakt om passende maatregelen te nemen \u2013 \u00a0zelfs onderweg.<\/p>\n<\/div>\n<\/div>\n<p>[\/vc_column_text][\/vc_column][vc_column width=&#8221;1\/4&#8243;][vc_single_image image=&#8221;399&#8243; img_size=&#8221;350&#215;350&#8243; alignment=&#8221;center&#8221;][vc_column_text]<\/p>\n<h4 class=\"contentteaser__header\" style=\"text-align: center;\">Gebruiksvriendelijk en gemakkelijk<\/h4>\n<div class=\"richtext\">\n<div class=\"rte contentteaser__text richtext__content\">\n<p>&nbsp;<\/p>\n<p>Met het unieke ontwerp van de Desigo-interface en consistente, gebruikersgerichte workflows kunnen operators zich richten op de taak die ze moeten uitvoeren en kunnen ze de meest relevante informatie beter bekijken, op basis van een systeemgerichte benadering. Met dezelfde look &amp; feel en dezelfde werking van alle aangesloten subsystemen is het leerproces eenvoudig en zijn fouten in de controle, verwerking van gebeurtenissen, rapportage en planning minder waarschijnlijk. Bovendien kunnen alle disciplines vanaf \u00e9\u00e9n locatie worden aangestuurd dankzij de benadering met meerdere schermen, ondersteund door geavanceerde vectorafbeeldingen, waarbij de gebruiker naar behoefte vanuit de weergave van een complete verdieping kan inzoomen tot in het kleinste detail en installaties kan aanklikken.<\/p>\n<\/div>\n<\/div>\n<p>[\/vc_column_text][\/vc_column][vc_column width=&#8221;1\/4&#8243;][vc_single_image image=&#8221;400&#8243; img_size=&#8221;350&#215;350&#8243; alignment=&#8221;center&#8221;][vc_column_text]<\/p>\n<h4 class=\"contentteaser__header\" style=\"text-align: center;\">Modulair en flexibel<\/h4>\n<div class=\"richtext\">\n<div class=\"rte contentteaser__text richtext__content\">\n<p>&nbsp;<\/p>\n<p>Dankzij het modulaire concept integreert Desigo CC een of meer disciplines, zodat het mee kan groeien met de eisen van uw gebouwmanagementsysteem. U kunt het systeem op elk moment flexibel aanpassen aan nieuwe omstandigheden en geleidelijk aan nieuwe systemen integreren. Desigo CC is schaalbaar en daarom bruikbaar voor gebouwen van elke omvang, gebouwencomplexen met meerdere locaties en campussen. Dankzij zijn modulariteit en flexibiliteit beschermt Desigo CC uw investeringen en helpt het u bij het plannen van toekomstige activiteiten. Toepassingen kunnen op elk moment worden uitgebreid om de functionaliteit en interacties van de verschillende disciplines te vergroten.<\/p>\n<\/div>\n<\/div>\n<p>[\/vc_column_text][\/vc_column][\/vc_row][\/vc_section][vc_section full_width=&#8221;stretch_row_content&#8221; css=&#8221;.vc_custom_1646795496327{padding-top: 110px !important;padding-bottom: 80px !important;background-position: center !important;background-repeat: no-repeat !important;background-size: cover !important;}&#8221; el_class=&#8221;obelisk-section-mode2&#8243;][vc_row content_placement=&#8221;middle&#8221; container_max_width=&#8221;1200&#8243;][vc_column width=&#8221;3\/4&#8243;]<style>\r\n\r\n\t\t\t#obelisk-heading-obelisk69e4ef67017c6.obelisk-heading {font-size: 13px;}\r\n\t\t#obelisk-heading-obelisk69e4ef67017c6.obelisk-title h2 {font-size: 13px;}\r\n\t\t\t#obelisk-heading-obelisk69e4ef67017c6.obelisk-heading {line-height: 1.2em;}\r\n\t\t#obelisk-heading-obelisk69e4ef67017c6.obelisk-title h2 {line-height: 1.2em;}\r\n\t\t\t#obelisk-heading-obelisk69e4ef67017c6.obelisk-heading {font-weight: 400;}\r\n\t\t#obelisk-heading-obelisk69e4ef67017c6.obelisk-title h2 {font-weight: 400;}\r\n\t\t\t\t#obelisk-heading-obelisk69e4ef67017c6.obelisk-heading {color: #12c2e9;}\r\n\t\t\t#obelisk-heading-obelisk69e4ef67017c6.obelisk-title h2 {color: #12c2e9;}\r\n\t\t\t\t\t#obelisk-heading-obelisk69e4ef67017c6.obelisk-heading {letter-spacing: 4px;}\r\n\t\t#obelisk-heading-obelisk69e4ef67017c6.obelisk-title h2 {letter-spacing: 4px;}\r\n\t\t#obelisk-heading-obelisk69e4ef67017c6.obelisk-heading {text-align: ;}\r\n\t#obelisk-heading-obelisk69e4ef67017c6.obelisk-title h2 {text-align: ;}\r\n\r\n<\/style>\r\n\r\n<h6 id=\"obelisk-heading-obelisk69e4ef67017c6\"  class='obelisk-heading style-1 wow  ' >\r\n    CONTACTEER ONS<\/h6>\r\n<style>\r\n\r\n\t\t\t#obelisk-heading-obelisk69e4ef67017fe.obelisk-heading {font-size: 3vw;}\r\n\t\t#obelisk-heading-obelisk69e4ef67017fe.obelisk-title h2 {font-size: 3vw;}\r\n\t\t\t@media (max-width: 767px) {\r\n\t\t\t#obelisk-heading-obelisk69e4ef67017fe.obelisk-heading {font-size: 6vw;}\r\n\t\t\t#obelisk-heading-obelisk69e4ef67017fe.obelisk-title h2 {font-size: 6vw;}\r\n\t\t}\r\n\t\t\t#obelisk-heading-obelisk69e4ef67017fe.obelisk-heading {font-weight: 800;}\r\n\t\t#obelisk-heading-obelisk69e4ef67017fe.obelisk-title h2 {font-weight: 800;}\r\n\t\t\t\t#obelisk-heading-obelisk69e4ef67017fe.obelisk-title h2 {-webkit-text-stroke-width: ;}\r\n\t\t#obelisk-heading-obelisk69e4ef67017fe.obelisk-title span {color: transparent;}\r\n\t\t#obelisk-heading-obelisk69e4ef67017fe.obelisk-heading {text-align: ;}\r\n\t#obelisk-heading-obelisk69e4ef67017fe.obelisk-title h2 {text-align: ;}\r\n\r\n<\/style>\r\n\r\n<div id=\"obelisk-heading-obelisk69e4ef67017fe\" class=\"obelisk-title style-2  vc_custom_1664731804974\">\r\n\t<h2 class=\"animate custom-font\" >OVER UW PROJECT.<\/h2>\r\n<\/div>\r\n[\/vc_column][vc_column width=&#8221;1\/4&#8243;]<style>\r\n\r\n\t\t\t#obelisk-button-obelisk69e4ef6701828 .obelisk-button {border-width: 2px;border-style: solid;}\r\n\t    #obelisk-button-obelisk69e4ef6701828 {text-transform: none;}\r\n\t#obelisk-button-obelisk69e4ef6701828 {text-align: left;}\r\n\r\n<\/style>\r\n\r\n<div id=\"obelisk-button-obelisk69e4ef6701828\">\r\n\t<a href=\"mailto:info@vretechnieken.be\" class=\"obelisk-button style-1 btn-lit mode-\" data-wow-delay=\".5s\">\r\n\r\n\t\t<span>CONTACT<\/span>\r\n\t<\/a> \r\n<\/div>\r\n[\/vc_column][\/vc_row][\/vc_section][vc_row text=&#8221;Contacteer ons.&#8221; tag=&#8221;h2&#8243; text_splitting=&#8221;no&#8221; text_alignment=&#8221;center&#8221; gradient_color=&#8221;yes&#8221; enable_highlight=&#8221;no&#8221; enable_text_stroke=&#8221;no&#8221; stroke_size=&#8221;0&#8243; border_radius=&#8221;0&#8243; inline_block=&#8221;&#8221; title_size=&#8221;55px&#8221; line_height=&#8221;1.4&#8243; text_color=&#8221;#12c2e9&#8243; text_color2=&#8221;#1e73be&#8221; text_color3=&#8221;#000000&#8243; css=&#8221;.vc_custom_1667379963446{margin-bottom: 30px !important;}&#8221; font_weight=&#8221;700&#8243; responsive_title_size=&#8221;&#8221; responsive_title_size2=&#8221;&#8221; letter_spacing=&#8221;&#8221; responsive_letter_spacing=&#8221;&#8221; highlight_color1=&#8221;&#8221; highlight_color2=&#8221;&#8221; highlight_color3=&#8221;&#8221; highlight_height=&#8221;&#8221; margin_bottom=&#8221;&#8221; gradient_bg_color1=&#8221;&#8221; gradient_bg_color2=&#8221;&#8221; gradient_bg_color3=&#8221;&#8221;][vc_column][\/vc_column][\/vc_row]<\/p>\n","protected":false},"excerpt":{"rendered":"<p>vc_section full_width=&#8221;stretch_row_content&#8221; css=&#8221;.vc_custom_1688061536156{background-color: #ffffff !important;}&#8221;\/vc_sectionvc_section full_width=&#8221;stretch_row_content&#8221; css=&#8221;.vc_custom_1688061561252{padding-top: 110px !important;padding-bottom: 120px !important;background-color: #ffffff !important;}&#8221;vc_row container_max_width=&#8221;1200&#8243;vc_column width=&#8221;3\/5&#8243;vc_single_image image=&#8221;337&#8243; img_size=&#8221;full&#8221;\/vc_columnvc_column width=&#8221;2\/5&#8243;vc_column_text Het ge\u00efntegreerde platform voor gebouwmanagement Het open gebouwmanagementplatform is ontwikkeld voor comfortabele, veilige en effici\u00ebnte installaties. Desigo CC is inzetbaar van eenvoudige systemen met \u00e9\u00e9n functie tot volledig ge\u00efntegreerde gebouwen. Desigo CC is eenvoudig te installeren en te bedienen en stelt nieuwe &hellip;<\/p>\n","protected":false},"author":1,"featured_media":0,"parent":0,"menu_order":0,"comment_status":"closed","ping_status":"closed","template":"blank-builder.php","meta":[],"_links":{"self":[{"href":"http:\/\/vretechnieken.be\/wordpress\/wp-json\/wp\/v2\/pages\/329"}],"collection":[{"href":"http:\/\/vretechnieken.be\/wordpress\/wp-json\/wp\/v2\/pages"}],"about":[{"href":"http:\/\/vretechnieken.be\/wordpress\/wp-json\/wp\/v2\/types\/page"}],"author":[{"embeddable":true,"href":"http:\/\/vretechnieken.be\/wordpress\/wp-json\/wp\/v2\/users\/1"}],"replies":[{"embeddable":true,"href":"http:\/\/vretechnieken.be\/wordpress\/wp-json\/wp\/v2\/comments?post=329"}],"version-history":[{"count":20,"href":"http:\/\/vretechnieken.be\/wordpress\/wp-json\/wp\/v2\/pages\/329\/revisions"}],"predecessor-version":[{"id":433,"href":"http:\/\/vretechnieken.be\/wordpress\/wp-json\/wp\/v2\/pages\/329\/revisions\/433"}],"wp:attachment":[{"href":"http:\/\/vretechnieken.be\/wordpress\/wp-json\/wp\/v2\/media?parent=329"}],"curies":[{"name":"wp","href":"https:\/\/api.w.org\/{rel}","templated":true}]}}